{"id":538,"date":"2019-11-05T19:39:57","date_gmt":"2019-11-05T18:39:57","guid":{"rendered":"https:\/\/acfoi.com\/?page_id=538"},"modified":"2019-11-05T20:10:06","modified_gmt":"2019-11-05T19:10:06","slug":"mentions-legales-2","status":"publish","type":"page","link":"https:\/\/acfoi.com\/index.php\/mentions-legales-2\/","title":{"rendered":"Mentions l\u00e9gales"},"content":{"rendered":"\n<div class=\"wp-block-themeisle-blocks-advanced-columns has-undefined-columns has-desktop-undefined-layout has-tablet-equal-layout has-mobile-equal-layout has-default-gap has-vertical-unset\" id=\"wp-block-themeisle-blocks-advanced-columns-a7af397c\" style=\"border-width:0px;border-style:solid;border-color:#000000;border-radius:0px;justify-content:unset\"><div class=\"wp-themeisle-block-overlay\" style=\"opacity:0.5;mix-blend-mode:normal\"><\/div><div class=\"innerblocks-wrap\"><\/div><\/div>\n\n\n\n<h5 class=\"wp-block-heading\">Pr\u00e9sentation du Site<\/h5>\n\n\n\n<p>En  naviguant sur <a href=\"https:\/\/acfoi.com\">acfoi.com<\/a> vous acceptez sans r\u00e9serve les pr\u00e9sentes modalit\u00e9s. Iil est pr\u00e9cis\u00e9 aux utilisateurs du  site <a href=\"https:\/\/acfoi.com\">acfoi.com<\/a> l\u2019identit\u00e9 des diff\u00e9rents intervenants dans le cadre de sa r\u00e9alisation et de son suivi.<\/p>\n\n\n\n<ul class=\"wp-block-list\"><li><strong>Propri\u00e9taire<\/strong> : Olivier JACQUET &#8211; 40, rue Bertin 97400 St Denis<\/li><li><strong>\u00c9diteur du site<\/strong> : <a href=\"https:\/\/runinnovation.tech\">Run Innovation<\/a><\/li><li><strong>Responsable \u00e9ditorial<\/strong> : Olivier JACQUET &#8211; <a href=\"mailto:contactacfoi.com\">contact@acfoi.com<\/a><\/li><li> <strong>H\u00e9bergeur<\/strong> : <a href=\"https:\/\/syntis.com\">Syntis<\/a> &#8211; 2, Cours du 30 Juillet &#8211; 33064 Bordeaux Cedex<\/li><\/ul>\n\n\n\n<h5 class=\"wp-block-heading\">Conditions g\u00e9n\u00e9rales d\u2019utilisation<\/h5>\n\n\n\n<p>Dans le respect de la l\u00e9gislation fran\u00e7aise, l\u2019utilisation du site <a href=\"https:\/\/acfoi.com\">acfoi.com<\/a>  implique l\u2019acceptation des conditions g\u00e9n\u00e9rales  d\u2019utilisation. Ces conditions d\u2019utilisation sont  susceptibles d\u2019\u00eatre modifi\u00e9es ou compl\u00e9t\u00e9es \u00e0 tout moment et sans pr\u00e9avis.<\/p>\n\n\n\n<p><a href=\"http:\/\/acfoi.com\">ACFOI<\/a> s\u2019efforce de fournir sur le site internet des informations pr\u00e9cises, mais ne pourra \u00eatre responsable des inexactitudes et des lacunes dans la mise \u00e0 jour. <a href=\"http:\/\/acfoi.com\">ACFOI<\/a> ne peut \u00eatre tenu pour responsable d\u2019une mauvaise utilisation du site internet.<\/p>\n\n\n\n<h5 class=\"wp-block-heading\">Gestion des donn\u00e9es personnelles<\/h5>\n\n\n\n<p>Dans le respect du RGPD le responsable du traitement des donn\u00e9es est <a href=\"http:\/\/acfoi.com\">ACFOI<\/a>. Pour toutes vos questions relatives \u00e0 la confidentialit\u00e9 des donn\u00e9es, veuillez ecrire \u00e0 <a href=\"mailto:contactacfoi.com\">contact@acfoi.com<\/a>.<\/p>\n\n\n\n<h6 class=\"wp-block-heading\">&#8211; Politique de confidentialit\u00e9 des donn\u00e9es<\/h6>\n\n\n\n<p>Les informations personnelles trait\u00e9es proviennent de l\u2019Utilisateur, peuvent \u00eatres recueillies :<\/p>\n\n\n\n<ul class=\"wp-block-list\"><li>l\u2019URL par lequel l\u2019utilisateur a acc\u00e9d\u00e9 au site <a href=\"https:\/\/acfoi.com\">acfoi.com<\/a><\/li><li>l\u2019adresse IP de l\u2019utilisateur<\/li><li>Pr\u00e9nom et nom de famille<\/li><li>Adresse e-mail<\/li><li>Num\u00e9ro de t\u00e9l\u00e9phone<\/li><\/ul>\n\n\n\n<h6 class=\"wp-block-heading\">&#8211; cookies :<\/h6>\n\n\n\n<ul class=\"wp-block-list\"><li>Le site <a href=\"https:\/\/acfoi.com\">acfoi.com<\/a> est susceptible d&rsquo;installer des cookies sur l\u2019ordinateur de l\u2019utilisateur. Le cookie ne permet pas l\u2019identification de l\u2019utilisateur, mais aide \u00e0 mesurer la fr\u00e9quentation du site internet. Ils seront effac\u00e9s au bout de 13 mois.<\/li><li>Il est possible que  plusieurs cookies de soci\u00e9t\u00e9s tiers soient plac\u00e9s dans votre ordianateur via notre site. <a href=\"https:\/\/acfoi.com\">acfoi.com<\/a> n&rsquo;a aucun moyen de controler ces derniers qui sont sous la responsabilit\u00e9 des tiers.  Pour en savoir plus les cookies cliquez <a href=\"http:\/\/cookiesandyou.com\/\">ici<\/a><\/li><\/ul>\n\n\n\n<h5 class=\"wp-block-heading\">Litiges<\/h5>\n\n\n\n<p>En relation avec l\u2019utilisation du site internet <a href=\"https:\/\/acfoi.com\">acfoi.com<\/a>, tout litige soumis au droit francais est attribu\u00e9 en exclusivit\u00e9 aux tribunaux de St Denis (\u00cele de la R\u00e9union).<\/p>\n","protected":false},"excerpt":{"rendered":"<p>Pr\u00e9sentation du Site En naviguant sur acfoi.com vous acceptez sans r\u00e9serve les pr\u00e9sentes modalit\u00e9s. Iil est pr\u00e9cis\u00e9 aux utilisateurs du site acfoi.com l\u2019identit\u00e9 des diff\u00e9rents intervenants dans le cadre de sa r\u00e9alisation et de son suivi. Propri\u00e9taire : Olivier JACQUET &#8211; 40, rue Bertin 97400 St Denis \u00c9diteur du site : Run Innovation Responsable \u00e9ditorial&hellip;&nbsp;<a href=\"https:\/\/acfoi.com\/index.php\/mentions-legales-2\/\" rel=\"bookmark\">Lire la suite &raquo;<span class=\"screen-reader-text\">Mentions l\u00e9gales<\/span><\/a><\/p>\n","protected":false},"author":1,"featured_media":0,"parent":0,"menu_order":0,"comment_status":"closed","ping_status":"closed","template":"","meta":{"neve_meta_sidebar":"","neve_meta_container":"","neve_meta_enable_content_width":"","neve_meta_content_width":70,"neve_meta_title_alignment":"","neve_meta_author_avatar":"","neve_post_elements_order":"","neve_meta_disable_header":"","neve_meta_disable_footer":"","neve_meta_disable_title":"","footnotes":""},"class_list":["post-538","page","type-page","status-publish","hentry"],"_links":{"self":[{"href":"https:\/\/acfoi.com\/index.php\/wp-json\/wp\/v2\/pages\/538","targetHints":{"allow":["GET"]}}],"collection":[{"href":"https:\/\/acfoi.com\/index.php\/wp-json\/wp\/v2\/pages"}],"about":[{"href":"https:\/\/acfoi.com\/index.php\/wp-json\/wp\/v2\/types\/page"}],"author":[{"embeddable":true,"href":"https:\/\/acfoi.com\/index.php\/wp-json\/wp\/v2\/users\/1"}],"replies":[{"embeddable":true,"href":"https:\/\/acfoi.com\/index.php\/wp-json\/wp\/v2\/comments?post=538"}],"version-history":[{"count":2,"href":"https:\/\/acfoi.com\/index.php\/wp-json\/wp\/v2\/pages\/538\/revisions"}],"predecessor-version":[{"id":541,"href":"https:\/\/acfoi.com\/index.php\/wp-json\/wp\/v2\/pages\/538\/revisions\/541"}],"wp:attachment":[{"href":"https:\/\/acfoi.com\/index.php\/wp-json\/wp\/v2\/media?parent=538"}],"curies":[{"name":"wp","href":"https:\/\/api.w.org\/{rel}","templated":true}]}}