{"id":505,"date":"2018-12-12T08:59:29","date_gmt":"2018-12-12T07:59:29","guid":{"rendered":"http:\/\/acfoi.com\/?page_id=505"},"modified":"2018-12-12T09:05:14","modified_gmt":"2018-12-12T08:05:14","slug":"formation-a-liso-14-001-2015","status":"publish","type":"page","link":"https:\/\/acfoi.com\/index.php\/formation\/hygiene-qualite-securite-environnement-2\/formation-a-liso-14-001-2015\/","title":{"rendered":"Formation \u00e0 l\u2019ISO 14\u00a0001\u00a0: 2015"},"content":{"rendered":"<h4>Objectifs<\/h4>\n<ul>\n<li>Conna\u00eetre et savoir interpr\u00e9ter les exigences de la norme ISO\u00a014001\u00a0: 2015.<\/li>\n<li>D\u00e9terminer les moyens concrets pour y r\u00e9pondre dans le cadre de son activit\u00e9.<\/li>\n<li>Mettre en place les outils et indicateurs pour r\u00e9ussir une certification ISO\u00a014001.<\/li>\n<\/ul>\n<h4>Public<\/h4>\n<ul>\n<li>Responsable et coordinateur Environnement.<\/li>\n<li>Responsable du projet de certification ISO\u00a014001.<\/li>\n<li>Auditeur ISO\u00a014001<\/li>\n<\/ul>\n<h4>M\u00e9thode p\u00e9dagogique<\/h4>\n<ul>\n<li>M\u00e9thode fond\u00e9e sur une dynamique interactive reliant les connaissances, les comp\u00e9tences et vos objectifs de performances<\/li>\n<li>Des cas pratiques permettent d&rsquo;identifier les points cl\u00e9s du SME<\/li>\n<li>Appropriation des contenus de formation par des mises en situation sur des cas en entreprise.<\/li>\n<li>Les cours alternent entre th\u00e9orie et pratique<\/li>\n<li>Travail de groupes<\/li>\n<\/ul>\n<h4 style=\"text-align: left;\" align=\"center\">Programme de formation<\/h4>\n<ul>\n<li>Concept d\u2019un SME\n<ul>\n<li>Rappel des concepts d\u2019un SME\u00a0:<\/li>\n<li>D\u00e9veloppement durable<\/li>\n<li>Q.S.E<\/li>\n<li>S\u00e9rie normes ISO 14001<\/li>\n<li>Am\u00e9lioration continue<\/li>\n<li>Enjeux \/ motivations<\/li>\n<li>Exigences d\u2019un SME<\/li>\n<li>Architecture de la norme\u00a0: Annexe SL<\/li>\n<\/ul>\n<\/li>\n<li style=\"list-style-type: none;\"><\/li>\n<li>Contexte de l&rsquo;organisme\n<ul>\n<li>Enjeux internes et externes<\/li>\n<li>Attentes et besoins des parties int\u00e9ress\u00e9es<\/li>\n<li>Domaine d&rsquo;application du SME<\/li>\n<\/ul>\n<\/li>\n<li style=\"list-style-type: none;\"><\/li>\n<li>Leadership\n<ul>\n<li>Engagement de la Direction<\/li>\n<li>Politique environnementale<\/li>\n<li>Responsabilit\u00e9s et autorit\u00e9s<\/li>\n<\/ul>\n<\/li>\n<li style=\"list-style-type: none;\"><\/li>\n<li>Planification\n<ul>\n<li>L\u2019analyse environnementale<\/li>\n<li>Obligations de conformit\u00e9<\/li>\n<li>Plan d&rsquo;actions face aux risques et opportunit\u00e9s<\/li>\n<li>Objectifs et cibles<\/li>\n<li>Programme de management environnemental<\/li>\n<\/ul>\n<\/li>\n<li style=\"list-style-type: none;\"><\/li>\n<li>Support\n<ul>\n<li>Ressources<\/li>\n<li>Comp\u00e9tences et sensibilisation<\/li>\n<li>Communication interne \/ externe<\/li>\n<li>Informations document\u00e9es<\/li>\n<\/ul>\n<\/li>\n<li style=\"list-style-type: none;\"><\/li>\n<li>R\u00e9alisation des activit\u00e9s op\u00e9rationnelles\n<ul>\n<li>Planification et ma\u00eetrise op\u00e9rationnelles<\/li>\n<li>Pr\u00e9paration et r\u00e9ponses aux situations d\u2019urgences<\/li>\n<\/ul>\n<\/li>\n<li style=\"list-style-type: none;\"><\/li>\n<li>Evaluation des performances\n<ul>\n<li>Surveillance et \u00e9valuation<\/li>\n<li>Audit interne<\/li>\n<li>Revue de direction<\/li>\n<\/ul>\n<\/li>\n<li style=\"list-style-type: none;\"><\/li>\n<li>Am\u00e9lioration continue\n<ul>\n<li>Non-conformit\u00e9 et actions correctives<\/li>\n<li>Am\u00e9lioration des performances environnementales<\/li>\n<\/ul>\n<\/li>\n<li style=\"list-style-type: none;\"><\/li>\n<li>Les mesures qui vont influencer votre syst\u00e8me de management environnemental\n<ul>\n<li>L\u2019approche processus<\/li>\n<li>L\u2019analyse des risques et opportunit\u00e9s, la m\u00e9thode SWOT<\/li>\n<\/ul>\n<\/li>\n<li>La d\u00e9marche SME\n<ul>\n<li style=\"list-style-type: none;\">\n<ul>\n<li style=\"list-style-type: none;\"><\/li>\n<\/ul>\n<\/li>\n<li>Atouts et freins pour la r\u00e9alisation d\u2019un SME<\/li>\n<\/ul>\n<\/li>\n<\/ul>\n<h4>Dur\u00e9e et tarifs<\/h4>\n<ul>\n<li>Intra-entreprise\u00a0: 2 jours, 750 \u20ac HT\/jour<\/li>\n<li>Inter-entreprises\u00a0: 2 jours, 250 \u20ac HT\/jour\/personne, repas compris<\/li>\n<\/ul>\n","protected":false},"excerpt":{"rendered":"<p>Objectifs Conna\u00eetre et savoir interpr\u00e9ter les exigences de la norme ISO\u00a014001\u00a0: 2015. D\u00e9terminer les moyens concrets pour y r\u00e9pondre dans le cadre de son activit\u00e9. Mettre en place les outils et indicateurs pour r\u00e9ussir une certification ISO\u00a014001. Public Responsable et coordinateur Environnement. Responsable du projet de certification ISO\u00a014001. Auditeur ISO\u00a014001 M\u00e9thode p\u00e9dagogique M\u00e9thode fond\u00e9e sur&hellip;&nbsp;<a href=\"https:\/\/acfoi.com\/index.php\/formation\/hygiene-qualite-securite-environnement-2\/formation-a-liso-14-001-2015\/\" rel=\"bookmark\">Lire la suite &raquo;<span class=\"screen-reader-text\">Formation \u00e0 l\u2019ISO 14\u00a0001\u00a0: 2015<\/span><\/a><\/p>\n","protected":false},"author":1,"featured_media":0,"parent":430,"menu_order":0,"comment_status":"closed","ping_status":"closed","template":"","meta":{"neve_meta_sidebar":"","neve_meta_container":"","neve_meta_enable_content_width":"","neve_meta_content_width":70,"neve_meta_title_alignment":"","neve_meta_author_avatar":"","neve_post_elements_order":"","neve_meta_disable_header":"","neve_meta_disable_footer":"","neve_meta_disable_title":"","footnotes":""},"class_list":["post-505","page","type-page","status-publish","hentry"],"_links":{"self":[{"href":"https:\/\/acfoi.com\/index.php\/wp-json\/wp\/v2\/pages\/505","targetHints":{"allow":["GET"]}}],"collection":[{"href":"https:\/\/acfoi.com\/index.php\/wp-json\/wp\/v2\/pages"}],"about":[{"href":"https:\/\/acfoi.com\/index.php\/wp-json\/wp\/v2\/types\/page"}],"author":[{"embeddable":true,"href":"https:\/\/acfoi.com\/index.php\/wp-json\/wp\/v2\/users\/1"}],"replies":[{"embeddable":true,"href":"https:\/\/acfoi.com\/index.php\/wp-json\/wp\/v2\/comments?post=505"}],"version-history":[{"count":4,"href":"https:\/\/acfoi.com\/index.php\/wp-json\/wp\/v2\/pages\/505\/revisions"}],"predecessor-version":[{"id":511,"href":"https:\/\/acfoi.com\/index.php\/wp-json\/wp\/v2\/pages\/505\/revisions\/511"}],"up":[{"embeddable":true,"href":"https:\/\/acfoi.com\/index.php\/wp-json\/wp\/v2\/pages\/430"}],"wp:attachment":[{"href":"https:\/\/acfoi.com\/index.php\/wp-json\/wp\/v2\/media?parent=505"}],"curies":[{"name":"wp","href":"https:\/\/api.w.org\/{rel}","templated":true}]}}