{"id":502,"date":"2018-12-12T08:52:38","date_gmt":"2018-12-12T07:52:38","guid":{"rendered":"http:\/\/acfoi.com\/?page_id=502"},"modified":"2018-12-12T08:52:38","modified_gmt":"2018-12-12T07:52:38","slug":"gestion-des-dechets","status":"publish","type":"page","link":"https:\/\/acfoi.com\/index.php\/formation\/hygiene-qualite-securite-environnement-2\/gestion-des-dechets\/","title":{"rendered":"Gestion des d\u00e9chets"},"content":{"rendered":"<h2>Am\u00e9liorer sa gestion des ressources<\/h2>\n<h4>Objectifs<\/h4>\n<ul>\n<li>Apprendre \u00e0 manier des outils simples permettant la ma\u00eetrise des m\u00e9thodes de gestion des d\u00e9chets individuels en collectivit\u00e9s et dans les entreprises,<\/li>\n<li>Ma\u00eetriser les principales fili\u00e8res de valorisation \/ recyclage l&rsquo;\u00eele de la R\u00e9union<\/li>\n<li>Comprendre les enjeux strat\u00e9giques et op\u00e9rationnels d\u2019une d\u00e9manche de tri des d\u00e9chets selon leurs natures<\/li>\n<\/ul>\n<h4>Public<\/h4>\n<ul>\n<li>Directeur Environnement,<\/li>\n<li>Responsable Environnement, charg\u00e9 de mission environnementale, \u00e9tudiants,<\/li>\n<li>toutes personnes d\u00e9sirants travaill\u00e9es dans le domaine de l\u2019environnement<\/li>\n<\/ul>\n<h4>M\u00e9thode p\u00e9dagogique<\/h4>\n<ul>\n<li>M\u00e9thode fond\u00e9e sur une dynamique interactive reliant les connaissances, les comp\u00e9tences et vos objectifs de performances<\/li>\n<li>Des cas pratiques permettent d&rsquo;identifier les points cl\u00e9s du Management organisationnel des d\u00e9chets.<\/li>\n<li>Les cours alternent entre une partie th\u00e9orique 60% et une partie pratique 40% sous forme d\u2019exercice pratique.<\/li>\n<\/ul>\n<h4 style=\"text-align: left;\" align=\"center\">Programme de formation<\/h4>\n<ul>\n<li>Introduction.\n<ul>\n<li>Quelques chiffres.<\/li>\n<\/ul>\n<\/li>\n<li>Nature des d\u00e9chets\n<ul>\n<li>Classification des d\u00e9chets.<\/li>\n<li>R\u00e9glementations sp\u00e9cifiques, fili\u00e8res d\u00e9di\u00e9es.<\/li>\n<\/ul>\n<\/li>\n<li style=\"list-style-type: none;\"><\/li>\n<li>Les acteurs du monde des d\u00e9chets<\/li>\n<li>Approche globale<\/li>\n<li>La r\u00e9glementation<\/li>\n<li>Etude de cas<\/li>\n<li>Traitements des d\u00e9chets<\/li>\n<li style=\"list-style-type: none;\">\n<ul>\n<li>La gestion des d\u00e9chets<\/li>\n<li>Liste et Origine des d\u00e9chets<\/li>\n<li>Modes d\u2019\u00e9limination<\/li>\n<li>Fili\u00e8res d\u00e9di\u00e9es<\/li>\n<li>Le choix de la fili\u00e8re<\/li>\n<li>Le \u00ab\u00a0mapping\u00a0\u00bb<\/li>\n<li>Circuit de collecte<\/li>\n<\/ul>\n<\/li>\n<li style=\"list-style-type: none;\"><\/li>\n<li>La formation du personnel<\/li>\n<\/ul>\n<h4>Dur\u00e9e et tarifs<\/h4>\n<ul>\n<li>Intra-entreprise\u00a0: 1 \u00e0 3 jours, 750 \u20ac HT\/jour<\/li>\n<li>Inter-entreprises\u00a0: 2 jours, 250 \u20ac HT\/jour\/personne, repas compris<\/li>\n<\/ul>\n","protected":false},"excerpt":{"rendered":"<p>Am\u00e9liorer sa gestion des ressources Objectifs Apprendre \u00e0 manier des outils simples permettant la ma\u00eetrise des m\u00e9thodes de gestion des d\u00e9chets individuels en collectivit\u00e9s et dans les entreprises, Ma\u00eetriser les principales fili\u00e8res de valorisation \/ recyclage l&rsquo;\u00eele de la R\u00e9union Comprendre les enjeux strat\u00e9giques et op\u00e9rationnels d\u2019une d\u00e9manche de tri des d\u00e9chets selon leurs natures&hellip;&nbsp;<a href=\"https:\/\/acfoi.com\/index.php\/formation\/hygiene-qualite-securite-environnement-2\/gestion-des-dechets\/\" rel=\"bookmark\">Lire la suite &raquo;<span class=\"screen-reader-text\">Gestion des d\u00e9chets<\/span><\/a><\/p>\n","protected":false},"author":1,"featured_media":0,"parent":430,"menu_order":0,"comment_status":"closed","ping_status":"closed","template":"","meta":{"neve_meta_sidebar":"","neve_meta_container":"","neve_meta_enable_content_width":"","neve_meta_content_width":70,"neve_meta_title_alignment":"","neve_meta_author_avatar":"","neve_post_elements_order":"","neve_meta_disable_header":"","neve_meta_disable_footer":"","neve_meta_disable_title":"","footnotes":""},"class_list":["post-502","page","type-page","status-publish","hentry"],"_links":{"self":[{"href":"https:\/\/acfoi.com\/index.php\/wp-json\/wp\/v2\/pages\/502","targetHints":{"allow":["GET"]}}],"collection":[{"href":"https:\/\/acfoi.com\/index.php\/wp-json\/wp\/v2\/pages"}],"about":[{"href":"https:\/\/acfoi.com\/index.php\/wp-json\/wp\/v2\/types\/page"}],"author":[{"embeddable":true,"href":"https:\/\/acfoi.com\/index.php\/wp-json\/wp\/v2\/users\/1"}],"replies":[{"embeddable":true,"href":"https:\/\/acfoi.com\/index.php\/wp-json\/wp\/v2\/comments?post=502"}],"version-history":[{"count":1,"href":"https:\/\/acfoi.com\/index.php\/wp-json\/wp\/v2\/pages\/502\/revisions"}],"predecessor-version":[{"id":503,"href":"https:\/\/acfoi.com\/index.php\/wp-json\/wp\/v2\/pages\/502\/revisions\/503"}],"up":[{"embeddable":true,"href":"https:\/\/acfoi.com\/index.php\/wp-json\/wp\/v2\/pages\/430"}],"wp:attachment":[{"href":"https:\/\/acfoi.com\/index.php\/wp-json\/wp\/v2\/media?parent=502"}],"curies":[{"name":"wp","href":"https:\/\/api.w.org\/{rel}","templated":true}]}}