{"id":484,"date":"2018-12-11T20:23:33","date_gmt":"2018-12-11T19:23:33","guid":{"rendered":"http:\/\/acfoi.com\/?page_id=484"},"modified":"2018-12-11T21:00:42","modified_gmt":"2018-12-11T20:00:42","slug":"mise-en-place-du-document-unique","status":"publish","type":"page","link":"https:\/\/acfoi.com\/index.php\/formation\/hygiene-qualite-securite-environnement-2\/mise-en-place-du-document-unique\/","title":{"rendered":"Mise en place du Document Unique"},"content":{"rendered":"<h4>Objectifs<\/h4>\n<ul>\n<li>Evaluer vos besoins en mati\u00e8re de management de la s\u00e9curit\u00e9 au travail<\/li>\n<li>Identifier les principaux risques<\/li>\n<li>Organiser la mise en place de votre syst\u00e8me de management de la s\u00e9curit\u00e9<\/li>\n<\/ul>\n<h4>Public<\/h4>\n<ul>\n<li>Responsable s\u00e9curit\u00e9, qualit\u00e9, maintenance, production, Direction, et tout autre cadre de l\u2019entreprise ayant des connaissances de base sur les principes de management (qualit\u00e9 ou environnement)<\/li>\n<\/ul>\n<h4>M\u00e9thode p\u00e9dagogique<\/h4>\n<ul>\n<li>M\u00e9thode fond\u00e9e sur une dynamique interactive reliant les connaissances, les comp\u00e9tences et les objectifs de performances qui sont sp\u00e9cifiques aux r\u00e9sultats attendus de la formation,<\/li>\n<li>Des \u00e9changes entre le formateur et les personnes \u00e0 former permettent d&rsquo;appr\u00e9hender la notion de s\u00e9curit\u00e9 et son application dans les entreprises.<\/li>\n<li>Appropriation des contenus de formation par des mises en situation sur des cas en entreprise<\/li>\n<li>Les cours alternent entre une partie th\u00e9orique 50% et une partie pratique 50%sous forme d\u2019exercice<\/li>\n<\/ul>\n<h4 style=\"text-align: left;\" align=\"center\">Programme de formation<\/h4>\n<ul>\n<li>Phase I<\/li>\n<li>Pr\u00e9paration de la d\u00e9marche\n<ul>\n<li>D\u00e9finition des objectifs, acteurs et moyens<\/li>\n<li>D\u00e9termination de la m\u00e9thodologie appropri\u00e9e, choix des outils<\/li>\n<li>D\u00e9coupage en Unit\u00e9 de Travail (UT)<\/li>\n<li>Exercice : Choix d&rsquo;une m\u00e9thodologie adapt\u00e9e \u00e0 son entreprise.<\/li>\n<\/ul>\n<\/li>\n<li>Identification \/ \u00e9valuation des risques\n<ul>\n<li>Observations de situations de travail : visite terrain, interview du personnel<\/li>\n<li>Inventaire des situations dangereuses et identification des risques pour chaque UT<\/li>\n<li>Choix des crit\u00e8res de cotation et des seuils associ\u00e9s<\/li>\n<li>Hi\u00e9rarchisation des risques : prioriser<\/li>\n<li>Exercice<\/li>\n<\/ul>\n<\/li>\n<li style=\"list-style-type: none;\"><\/li>\n<li>Formalisation du document unique\n<ul>\n<li>Contenu du document unique (\u00e9l\u00e9ments obligatoires et autres)<\/li>\n<li>Mise \u00e0 jour du document unique<\/li>\n<li>Formalisation et communication (acteurs externes)<\/li>\n<\/ul>\n<\/li>\n<li style=\"list-style-type: none;\"><\/li>\n<li>Elaboration du plan d&rsquo;action\n<ul>\n<li>D\u00e9finition et planification des actions de pr\u00e9vention<\/li>\n<li>Diff\u00e9rents types d&rsquo;actions \u00e0 mettre en place<\/li>\n<li>Formalisation et communication<\/li>\n<li>Exercice : Elaboration d&rsquo;un mod\u00e8le de plan d&rsquo;actions<\/li>\n<\/ul>\n<\/li>\n<li style=\"list-style-type: none;\"><\/li>\n<li>Phase II\n<ul>\n<li>Les th\u00e8mes obligatoire du DU,<\/li>\n<li>La r\u00e9glementation de base (incendie \/ a\u00e9ration \/ bruit \/ produits chimiques \/ \u00e9clairage \/ les visites et \u00e9preuves obligatoires \/ la documentation (permis de feu \u2013 livret de s\u00e9curit\u00e9\u2026) \/formations entreprises ext\u00e9rieures et personnel de l\u2019entreprise \/ r\u00f4le du m\u00e9decin du travail,<\/li>\n<li>Les diff\u00e9rents EPC \/ EPI,<\/li>\n<li>Les principales normes pour les EPC \/ EPI,<\/li>\n<li>Astuces et id\u00e9es pour la limitation des dangers<\/li>\n<\/ul>\n<\/li>\n<li style=\"list-style-type: none;\"><\/li>\n<\/ul>\n<h4>Dur\u00e9e et tarifs<\/h4>\n<ul>\n<li>Intra-entreprise\u00a0: 3 jours, 750 \u20ac HT\/jour<\/li>\n<li>Inter-entreprises\u00a0: 3 jours, 250 \u20ac HT\/jour\/personne, repas compris<\/li>\n<\/ul>\n<p>&nbsp;<\/p>\n","protected":false},"excerpt":{"rendered":"<p>Objectifs Evaluer vos besoins en mati\u00e8re de management de la s\u00e9curit\u00e9 au travail Identifier les principaux risques Organiser la mise en place de votre syst\u00e8me de management de la s\u00e9curit\u00e9 Public Responsable s\u00e9curit\u00e9, qualit\u00e9, maintenance, production, Direction, et tout autre cadre de l\u2019entreprise ayant des connaissances de base sur les principes de management (qualit\u00e9 ou&hellip;&nbsp;<a href=\"https:\/\/acfoi.com\/index.php\/formation\/hygiene-qualite-securite-environnement-2\/mise-en-place-du-document-unique\/\" rel=\"bookmark\">Lire la suite &raquo;<span class=\"screen-reader-text\">Mise en place du Document Unique<\/span><\/a><\/p>\n","protected":false},"author":1,"featured_media":0,"parent":430,"menu_order":0,"comment_status":"closed","ping_status":"closed","template":"","meta":{"neve_meta_sidebar":"","neve_meta_container":"","neve_meta_enable_content_width":"","neve_meta_content_width":70,"neve_meta_title_alignment":"","neve_meta_author_avatar":"","neve_post_elements_order":"","neve_meta_disable_header":"","neve_meta_disable_footer":"","neve_meta_disable_title":"","footnotes":""},"class_list":["post-484","page","type-page","status-publish","hentry"],"_links":{"self":[{"href":"https:\/\/acfoi.com\/index.php\/wp-json\/wp\/v2\/pages\/484","targetHints":{"allow":["GET"]}}],"collection":[{"href":"https:\/\/acfoi.com\/index.php\/wp-json\/wp\/v2\/pages"}],"about":[{"href":"https:\/\/acfoi.com\/index.php\/wp-json\/wp\/v2\/types\/page"}],"author":[{"embeddable":true,"href":"https:\/\/acfoi.com\/index.php\/wp-json\/wp\/v2\/users\/1"}],"replies":[{"embeddable":true,"href":"https:\/\/acfoi.com\/index.php\/wp-json\/wp\/v2\/comments?post=484"}],"version-history":[{"count":1,"href":"https:\/\/acfoi.com\/index.php\/wp-json\/wp\/v2\/pages\/484\/revisions"}],"predecessor-version":[{"id":485,"href":"https:\/\/acfoi.com\/index.php\/wp-json\/wp\/v2\/pages\/484\/revisions\/485"}],"up":[{"embeddable":true,"href":"https:\/\/acfoi.com\/index.php\/wp-json\/wp\/v2\/pages\/430"}],"wp:attachment":[{"href":"https:\/\/acfoi.com\/index.php\/wp-json\/wp\/v2\/media?parent=484"}],"curies":[{"name":"wp","href":"https:\/\/api.w.org\/{rel}","templated":true}]}}