{"id":459,"date":"2018-12-10T21:17:09","date_gmt":"2018-12-10T20:17:09","guid":{"rendered":"http:\/\/acfoi.com\/?page_id=459"},"modified":"2018-12-11T11:51:36","modified_gmt":"2018-12-11T10:51:36","slug":"mise-en-place-dun-systeme-de-management-de-la-qualite-smq","status":"publish","type":"page","link":"https:\/\/acfoi.com\/index.php\/formation\/hygiene-qualite-securite-environnement-2\/qualite\/mise-en-place-dun-systeme-de-management-de-la-qualite-smq\/","title":{"rendered":"Mise en place d\u2019un Syst\u00e8me de Management de la Qualit\u00e9 (SMQ)"},"content":{"rendered":"<h4>Objectifs<\/h4>\n<ul>\n<li>Manipuler des outils simples permettant la ma\u00eetrise des m\u00e9thodes du management qualit\u00e9,<\/li>\n<li>Ma\u00eetriser les principaux r\u00f4les du management qualit\u00e9<\/li>\n<li>Acqu\u00e9rir et conserver un avantage significatif, bas\u00e9 sur l&rsquo;am\u00e9lioration continue de la qualit\u00e9<\/li>\n<\/ul>\n<h4>Public<\/h4>\n<ul>\n<li>Chef d\u2019Enterprise, chef de service, Directeur Qualit\u00e9, Responsables qualit\u00e9, charg\u00e9s de mission qualit\u00e9, coordinateur qualit\u00e9, ing\u00e9nieurs HSQE, \u00e9tudiants.<\/li>\n<\/ul>\n<p>M\u00e9thode p\u00e9dagogique<\/p>\n<ul>\n<li>M\u00e9thode fond\u00e9e sur une dynamique interactive reliant les connaissances, les comp\u00e9tences et vos objectifs de performances<\/li>\n<li>Des cas pratiques permettent d&rsquo;identifier les points cl\u00e9s du Management de la Qualit\u00e9 et de sa mise en \u0153uvre au travers d\u2019une d\u00e9marche du type ISO 9001.<\/li>\n<li>Les cours alternent entre une partie th\u00e9orique 60% et une partie pratique 40%<\/li>\n<\/ul>\n<h4 style=\"text-align: left;\" align=\"center\">Programme de formation<\/h4>\n<ul>\n<li>Qu\u2019est-ce la qualit\u00e9 ?<\/li>\n<li>Les enjeux et principes de la qualit\u00e9<\/li>\n<li>Pr\u00e9sentation de l\u2019ISO 9001<\/li>\n<li>Zoom sur l\u2019approche processus<\/li>\n<li>Conditions de r\u00e9ussite de votre d\u00e9marche qualit\u00e9<\/li>\n<\/ul>\n<h4>Dur\u00e9e et tarifs<\/h4>\n<ul>\n<li>Intra-entreprise\u00a0: 3 jours, 750 \u20ac HT\/jour<\/li>\n<li>Inter-entreprises\u00a0: 3 jours, 250 \u20ac HT\/jour\/personne, repas compris<\/li>\n<\/ul>\n<p>&nbsp;<\/p>\n","protected":false},"excerpt":{"rendered":"<p>Objectifs Manipuler des outils simples permettant la ma\u00eetrise des m\u00e9thodes du management qualit\u00e9, Ma\u00eetriser les principaux r\u00f4les du management qualit\u00e9 Acqu\u00e9rir et conserver un avantage significatif, bas\u00e9 sur l&rsquo;am\u00e9lioration continue de la qualit\u00e9 Public Chef d\u2019Enterprise, chef de service, Directeur Qualit\u00e9, Responsables qualit\u00e9, charg\u00e9s de mission qualit\u00e9, coordinateur qualit\u00e9, ing\u00e9nieurs HSQE, \u00e9tudiants. M\u00e9thode p\u00e9dagogique M\u00e9thode&hellip;&nbsp;<a href=\"https:\/\/acfoi.com\/index.php\/formation\/hygiene-qualite-securite-environnement-2\/qualite\/mise-en-place-dun-systeme-de-management-de-la-qualite-smq\/\" rel=\"bookmark\">Lire la suite &raquo;<span class=\"screen-reader-text\">Mise en place d\u2019un Syst\u00e8me de Management de la Qualit\u00e9 (SMQ)<\/span><\/a><\/p>\n","protected":false},"author":1,"featured_media":0,"parent":456,"menu_order":0,"comment_status":"closed","ping_status":"closed","template":"","meta":{"neve_meta_sidebar":"","neve_meta_container":"","neve_meta_enable_content_width":"","neve_meta_content_width":70,"neve_meta_title_alignment":"","neve_meta_author_avatar":"","neve_post_elements_order":"","neve_meta_disable_header":"","neve_meta_disable_footer":"","neve_meta_disable_title":"","footnotes":""},"class_list":["post-459","page","type-page","status-publish","hentry"],"_links":{"self":[{"href":"https:\/\/acfoi.com\/index.php\/wp-json\/wp\/v2\/pages\/459","targetHints":{"allow":["GET"]}}],"collection":[{"href":"https:\/\/acfoi.com\/index.php\/wp-json\/wp\/v2\/pages"}],"about":[{"href":"https:\/\/acfoi.com\/index.php\/wp-json\/wp\/v2\/types\/page"}],"author":[{"embeddable":true,"href":"https:\/\/acfoi.com\/index.php\/wp-json\/wp\/v2\/users\/1"}],"replies":[{"embeddable":true,"href":"https:\/\/acfoi.com\/index.php\/wp-json\/wp\/v2\/comments?post=459"}],"version-history":[{"count":1,"href":"https:\/\/acfoi.com\/index.php\/wp-json\/wp\/v2\/pages\/459\/revisions"}],"predecessor-version":[{"id":460,"href":"https:\/\/acfoi.com\/index.php\/wp-json\/wp\/v2\/pages\/459\/revisions\/460"}],"up":[{"embeddable":true,"href":"https:\/\/acfoi.com\/index.php\/wp-json\/wp\/v2\/pages\/456"}],"wp:attachment":[{"href":"https:\/\/acfoi.com\/index.php\/wp-json\/wp\/v2\/media?parent=459"}],"curies":[{"name":"wp","href":"https:\/\/api.w.org\/{rel}","templated":true}]}}