{"id":456,"date":"2018-12-10T21:12:30","date_gmt":"2018-12-10T20:12:30","guid":{"rendered":"http:\/\/acfoi.com\/?page_id=456"},"modified":"2018-12-10T21:12:30","modified_gmt":"2018-12-10T20:12:30","slug":"qualite","status":"publish","type":"page","link":"https:\/\/acfoi.com\/index.php\/formation\/hygiene-qualite-securite-environnement-2\/qualite\/","title":{"rendered":"Qualit\u00e9"},"content":{"rendered":"<h4><u>G\u00e9n\u00e9ral<\/u><\/h4>\n<ul>\n<li>Mise en place d\u2019un Syst\u00e8me de Management de la Qualit\u00e9 (SMQ)<\/li>\n<li>Total Quality Management (TQM)<\/li>\n<\/ul>\n<h4><u>ISO 9001<\/u><\/h4>\n<ul>\n<li>Formation \u00e0 nouvelle norme ISO 9001<\/li>\n<li>Approche Processus selon l\u2019ISO 9001<\/li>\n<\/ul>\n<h4><u>Accr\u00e9ditation des laboratoires d\u2019analyse et d\u2019essais<\/u><\/h4>\n<ul>\n<li>ISO 17 025 : Exigences g\u00e9n\u00e9rales pour les laboratoires d\u2019\u00e9talonnages et d\u2019essais<\/li>\n<li>ISO 15\u00a0189, mode d\u2019emploi<\/li>\n<\/ul>\n","protected":false},"excerpt":{"rendered":"<p>G\u00e9n\u00e9ral Mise en place d\u2019un Syst\u00e8me de Management de la Qualit\u00e9 (SMQ) Total Quality Management (TQM) ISO 9001 Formation \u00e0 nouvelle norme ISO 9001 Approche Processus selon l\u2019ISO 9001 Accr\u00e9ditation des laboratoires d\u2019analyse et d\u2019essais ISO 17 025 : Exigences g\u00e9n\u00e9rales pour les laboratoires d\u2019\u00e9talonnages et d\u2019essais ISO 15\u00a0189, mode d\u2019emploi<\/p>\n","protected":false},"author":1,"featured_media":0,"parent":430,"menu_order":0,"comment_status":"closed","ping_status":"closed","template":"","meta":{"neve_meta_sidebar":"","neve_meta_container":"","neve_meta_enable_content_width":"","neve_meta_content_width":70,"neve_meta_title_alignment":"","neve_meta_author_avatar":"","neve_post_elements_order":"","neve_meta_disable_header":"","neve_meta_disable_footer":"","neve_meta_disable_title":"","footnotes":""},"class_list":["post-456","page","type-page","status-publish","hentry"],"_links":{"self":[{"href":"https:\/\/acfoi.com\/index.php\/wp-json\/wp\/v2\/pages\/456","targetHints":{"allow":["GET"]}}],"collection":[{"href":"https:\/\/acfoi.com\/index.php\/wp-json\/wp\/v2\/pages"}],"about":[{"href":"https:\/\/acfoi.com\/index.php\/wp-json\/wp\/v2\/types\/page"}],"author":[{"embeddable":true,"href":"https:\/\/acfoi.com\/index.php\/wp-json\/wp\/v2\/users\/1"}],"replies":[{"embeddable":true,"href":"https:\/\/acfoi.com\/index.php\/wp-json\/wp\/v2\/comments?post=456"}],"version-history":[{"count":1,"href":"https:\/\/acfoi.com\/index.php\/wp-json\/wp\/v2\/pages\/456\/revisions"}],"predecessor-version":[{"id":457,"href":"https:\/\/acfoi.com\/index.php\/wp-json\/wp\/v2\/pages\/456\/revisions\/457"}],"up":[{"embeddable":true,"href":"https:\/\/acfoi.com\/index.php\/wp-json\/wp\/v2\/pages\/430"}],"wp:attachment":[{"href":"https:\/\/acfoi.com\/index.php\/wp-json\/wp\/v2\/media?parent=456"}],"curies":[{"name":"wp","href":"https:\/\/api.w.org\/{rel}","templated":true}]}}