{"id":453,"date":"2018-12-10T21:07:06","date_gmt":"2018-12-10T20:07:06","guid":{"rendered":"http:\/\/acfoi.com\/?page_id=453"},"modified":"2018-12-10T21:07:06","modified_gmt":"2018-12-10T20:07:06","slug":"tronc-commun","status":"publish","type":"page","link":"https:\/\/acfoi.com\/index.php\/formation\/hygiene-qualite-securite-environnement-2\/tronc-commun\/","title":{"rendered":"Tronc commun"},"content":{"rendered":"<ul>\n<li>Formation aux d\u00e9marches qualit\u00e9, de labellisation et de certification<\/li>\n<li>Mise en place d\u2019un syst\u00e8me de management int\u00e9gr\u00e9 (SMI)<\/li>\n<li>Mise en place d\u2019une d\u00e9marche de certification multi-sites<\/li>\n<li>Formation auditeur interne selon la norme ISO 19\u00a0011<\/li>\n<li>Coaching d\u2019audit<\/li>\n<li>Perfectionner ses audits fournisseurs<\/li>\n<\/ul>\n","protected":false},"excerpt":{"rendered":"<p>Formation aux d\u00e9marches qualit\u00e9, de labellisation et de certification Mise en place d\u2019un syst\u00e8me de management int\u00e9gr\u00e9 (SMI) Mise en place d\u2019une d\u00e9marche de certification multi-sites Formation auditeur interne selon la norme ISO 19\u00a0011 Coaching d\u2019audit Perfectionner ses audits fournisseurs<\/p>\n","protected":false},"author":1,"featured_media":0,"parent":430,"menu_order":0,"comment_status":"closed","ping_status":"closed","template":"","meta":{"neve_meta_sidebar":"","neve_meta_container":"","neve_meta_enable_content_width":"","neve_meta_content_width":70,"neve_meta_title_alignment":"","neve_meta_author_avatar":"","neve_post_elements_order":"","neve_meta_disable_header":"","neve_meta_disable_footer":"","neve_meta_disable_title":"","footnotes":""},"class_list":["post-453","page","type-page","status-publish","hentry"],"_links":{"self":[{"href":"https:\/\/acfoi.com\/index.php\/wp-json\/wp\/v2\/pages\/453","targetHints":{"allow":["GET"]}}],"collection":[{"href":"https:\/\/acfoi.com\/index.php\/wp-json\/wp\/v2\/pages"}],"about":[{"href":"https:\/\/acfoi.com\/index.php\/wp-json\/wp\/v2\/types\/page"}],"author":[{"embeddable":true,"href":"https:\/\/acfoi.com\/index.php\/wp-json\/wp\/v2\/users\/1"}],"replies":[{"embeddable":true,"href":"https:\/\/acfoi.com\/index.php\/wp-json\/wp\/v2\/comments?post=453"}],"version-history":[{"count":1,"href":"https:\/\/acfoi.com\/index.php\/wp-json\/wp\/v2\/pages\/453\/revisions"}],"predecessor-version":[{"id":454,"href":"https:\/\/acfoi.com\/index.php\/wp-json\/wp\/v2\/pages\/453\/revisions\/454"}],"up":[{"embeddable":true,"href":"https:\/\/acfoi.com\/index.php\/wp-json\/wp\/v2\/pages\/430"}],"wp:attachment":[{"href":"https:\/\/acfoi.com\/index.php\/wp-json\/wp\/v2\/media?parent=453"}],"curies":[{"name":"wp","href":"https:\/\/api.w.org\/{rel}","templated":true}]}}