{"id":445,"date":"2018-12-10T20:48:40","date_gmt":"2018-12-10T19:48:40","guid":{"rendered":"http:\/\/acfoi.com\/?page_id=445"},"modified":"2018-12-10T20:48:40","modified_gmt":"2018-12-10T19:48:40","slug":"coaching-daudit","status":"publish","type":"page","link":"https:\/\/acfoi.com\/index.php\/formation\/hygiene-qualite-securite-environnement-2\/coaching-daudit\/","title":{"rendered":"Coaching d\u2019audit"},"content":{"rendered":"<h4>Objectifs<\/h4>\n<ul>\n<li>Ma\u00eetriser les \u00e9tapes \u00e0 suivre pour r\u00e9aliser un audit interne<\/li>\n<li>Evaluer l\u2019efficacit\u00e9 des audits internes en situation r\u00e9elle d\u2019audit (pr\u00e9paration, conduite de l\u2019audit et r\u00e9alisation du rapport)<\/li>\n<\/ul>\n<h4>Public<\/h4>\n<ul>\n<li>Auditeur interne ayant d\u00e9j\u00e0 r\u00e9alis\u00e9 des audits, dans la limite de 3 par demi-journ\u00e9es<\/li>\n<\/ul>\n<h4>M\u00e9thode p\u00e9dagogique<\/h4>\n<ul>\n<li>Transfert des documents internes au minimum 1 mois avant la formation afin de bien appr\u00e9hender votre Syst\u00e8me de Management<\/li>\n<li>Evaluation des stagiaires<\/li>\n<li>Remise d\u2019un rapport de synth\u00e8se<\/li>\n<\/ul>\n<h4 style=\"text-align: left;\" align=\"center\">Programme de formation<\/h4>\n<ol>\n<li>Formation exclusivement pratique bas\u00e9e sur des \u00e9tudes de cas au sein de l\u2019entreprise<\/li>\n<\/ol>\n<ul>\n<li>Evaluation de la pr\u00e9paration de l\u2019audit<\/li>\n<li>Observation d\u2019auditeurs par \u00e9quipe de 2 maximum en situation r\u00e9elle, rapport inclus<\/li>\n<\/ul>\n<ol start=\"2\">\n<li>Pr\u00e9paration et restitution des constats \u00e0 l\u2019\u00e9quipe observ\u00e9e<\/li>\n<\/ol>\n<h4>Dur\u00e9e et tarifs<\/h4>\n<ul>\n<li>Intra-entreprise\u00a0: 1 jour, 750 \u20ac HT\/jour<\/li>\n<\/ul>\n<p>&nbsp;<\/p>\n","protected":false},"excerpt":{"rendered":"<p>Objectifs Ma\u00eetriser les \u00e9tapes \u00e0 suivre pour r\u00e9aliser un audit interne Evaluer l\u2019efficacit\u00e9 des audits internes en situation r\u00e9elle d\u2019audit (pr\u00e9paration, conduite de l\u2019audit et r\u00e9alisation du rapport) Public Auditeur interne ayant d\u00e9j\u00e0 r\u00e9alis\u00e9 des audits, dans la limite de 3 par demi-journ\u00e9es M\u00e9thode p\u00e9dagogique Transfert des documents internes au minimum 1 mois avant la&hellip;&nbsp;<a href=\"https:\/\/acfoi.com\/index.php\/formation\/hygiene-qualite-securite-environnement-2\/coaching-daudit\/\" rel=\"bookmark\">Lire la suite &raquo;<span class=\"screen-reader-text\">Coaching d\u2019audit<\/span><\/a><\/p>\n","protected":false},"author":1,"featured_media":0,"parent":430,"menu_order":0,"comment_status":"closed","ping_status":"closed","template":"","meta":{"neve_meta_sidebar":"","neve_meta_container":"","neve_meta_enable_content_width":"","neve_meta_content_width":70,"neve_meta_title_alignment":"","neve_meta_author_avatar":"","neve_post_elements_order":"","neve_meta_disable_header":"","neve_meta_disable_footer":"","neve_meta_disable_title":"","footnotes":""},"class_list":["post-445","page","type-page","status-publish","hentry"],"_links":{"self":[{"href":"https:\/\/acfoi.com\/index.php\/wp-json\/wp\/v2\/pages\/445","targetHints":{"allow":["GET"]}}],"collection":[{"href":"https:\/\/acfoi.com\/index.php\/wp-json\/wp\/v2\/pages"}],"about":[{"href":"https:\/\/acfoi.com\/index.php\/wp-json\/wp\/v2\/types\/page"}],"author":[{"embeddable":true,"href":"https:\/\/acfoi.com\/index.php\/wp-json\/wp\/v2\/users\/1"}],"replies":[{"embeddable":true,"href":"https:\/\/acfoi.com\/index.php\/wp-json\/wp\/v2\/comments?post=445"}],"version-history":[{"count":1,"href":"https:\/\/acfoi.com\/index.php\/wp-json\/wp\/v2\/pages\/445\/revisions"}],"predecessor-version":[{"id":446,"href":"https:\/\/acfoi.com\/index.php\/wp-json\/wp\/v2\/pages\/445\/revisions\/446"}],"up":[{"embeddable":true,"href":"https:\/\/acfoi.com\/index.php\/wp-json\/wp\/v2\/pages\/430"}],"wp:attachment":[{"href":"https:\/\/acfoi.com\/index.php\/wp-json\/wp\/v2\/media?parent=445"}],"curies":[{"name":"wp","href":"https:\/\/api.w.org\/{rel}","templated":true}]}}