{"id":443,"date":"2018-12-10T20:43:52","date_gmt":"2018-12-10T19:43:52","guid":{"rendered":"http:\/\/acfoi.com\/?page_id=443"},"modified":"2018-12-10T20:43:52","modified_gmt":"2018-12-10T19:43:52","slug":"auditeur-interne-selon-la-norme-iso-19-011","status":"publish","type":"page","link":"https:\/\/acfoi.com\/index.php\/formation\/hygiene-qualite-securite-environnement-2\/auditeur-interne-selon-la-norme-iso-19-011\/","title":{"rendered":"auditeur interne selon la norme ISO 19 011"},"content":{"rendered":"<h4>Objectifs<\/h4>\n<ul>\n<li>Ma\u00eetriser le fonctionnement et le d\u00e9roulement de l\u2019audit :<\/li>\n<li>\u00c9tablir un planning d\u2019audit<\/li>\n<li>\u00c9tablir un guide d\u2019entretien.<\/li>\n<li>Mener un entretien, questionner, reformuler et formaliser les \u00e9carts. Les \u00e9valuer en termes de risque<\/li>\n<li>Pr\u00e9parer et r\u00e9aliser les r\u00e9unions d\u2019ouverture et de cl\u00f4ture de l\u2019audit<\/li>\n<li>Structurer et r\u00e9diger un rapport d\u2019audit<\/li>\n<li>\u00c9valuer la pertinence des actions correctives propos\u00e9es ainsi que l\u2019efficacit\u00e9 globale du syst\u00e8me audit\u00e9<\/li>\n<\/ul>\n<h4>Public<\/h4>\n<ul>\n<li>Auditeurs internes, Responsable qualit\u00e9, Direction, et tout autre cadre de l\u2019entreprise (encadrement interm\u00e9diaire, fonctionnel ou op\u00e9rationnel)<\/li>\n<\/ul>\n<h4>M\u00e9thode p\u00e9dagogique<\/h4>\n<ul>\n<li>M\u00e9thode fond\u00e9e sur une dynamique interactive reliant les connaissances, les comp\u00e9tences et les objectifs de performances<\/li>\n<li>Appropriation des contenus de formation par des mises en situation sur des cas en entreprise<\/li>\n<li>Les cours alternent entre une partie th\u00e9orique 40% et une partie pratique 60% sous forme d\u2019exercice pratique<\/li>\n<\/ul>\n<h4 style=\"text-align: left;\" align=\"center\">Programme de formation<\/h4>\n<ol>\n<li>M\u00e9thodologie de l\u2019audit selon ISO 19011<\/li>\n<li>Pr\u00e9paration de l\u2019audit<\/li>\n<\/ol>\n<ul>\n<li>D\u00e9clenchement de l\u2019audit, mission et \u00e9quipe d\u2019audit<\/li>\n<li>R\u00f4le et r\u00e8gles de d\u00e9ontologie de l\u2019auditeur<\/li>\n<li>Cadre de l\u2019audit\u00a0: objectif, domaine, champ, r\u00e9f\u00e9rentiel<\/li>\n<li>Collecte des documents &#8211; Analyse pr\u00e9liminaire<\/li>\n<li>Plan d\u2019audit<\/li>\n<li>Guide de l\u2019audit<\/li>\n<li style=\"list-style-type: none;\"><\/li>\n<\/ul>\n<ol start=\"3\">\n<li>R\u00e9alisation d\u2019un audit<\/li>\n<\/ol>\n<ul>\n<li>R\u00e9union d\u2019ouverture<\/li>\n<li>Logique et conduite des entretiens (observer, d\u00e9tecter, collecter\u00a0&#8230;)<\/li>\n<li>Structure du questionnement et reformulations<\/li>\n<li>Transition et cl\u00f4ture des entretiens<\/li>\n<li>Attitudes comportementales de l\u2019auditeur et adaptation \u00e0 l\u2019audit\u00e9<\/li>\n<li>Prises de notes<\/li>\n<li>Observations et collecte des donn\u00e9es<\/li>\n<li>Recueil des preuves<\/li>\n<li>Ecarts\u00a0: d\u00e9tection et mise en \u00e9vidence \u2013 \u00e9valuation et estimation du risque \u2013 modalit\u00e9s et classement \u2013 non-conformit\u00e9s et remarques<\/li>\n<li>Appr\u00e9cier la pertinence et l\u2019efficacit\u00e9 des actions correctives(AC)<\/li>\n<li style=\"list-style-type: none;\"><\/li>\n<\/ul>\n<ol start=\"4\">\n<li>Restitution de l\u2019audit<\/li>\n<\/ol>\n<ul>\n<li>R\u00e9union de fin d\u2019audit\u00a0: synth\u00e8se pr\u00e9alable des constatations, animation<\/li>\n<li>Rapport d\u2019audit\u00a0: plan, r\u00e9daction et diffusion, exploitation et suivi des r\u00e9sultats<\/li>\n<li>Cl\u00f4ture de l\u2019audit\u00a0: v\u00e9rifier l\u2019efficacit\u00e9 des AC<\/li>\n<li style=\"list-style-type: none;\"><\/li>\n<\/ul>\n<h4>Dur\u00e9e et tarifs<\/h4>\n<ul>\n<li>Intra-entreprise\u00a0: 3 jours, 750 \u20ac HT\/jour<\/li>\n<li>Inter-entreprises\u00a0: 3 jours, 250 \u20ac HT\/jour\/personne, repas compris<\/li>\n<\/ul>\n<p>&nbsp;<\/p>\n<p>&nbsp;<\/p>\n","protected":false},"excerpt":{"rendered":"<p>Objectifs Ma\u00eetriser le fonctionnement et le d\u00e9roulement de l\u2019audit : \u00c9tablir un planning d\u2019audit \u00c9tablir un guide d\u2019entretien. Mener un entretien, questionner, reformuler et formaliser les \u00e9carts. Les \u00e9valuer en termes de risque Pr\u00e9parer et r\u00e9aliser les r\u00e9unions d\u2019ouverture et de cl\u00f4ture de l\u2019audit Structurer et r\u00e9diger un rapport d\u2019audit \u00c9valuer la pertinence des actions&hellip;&nbsp;<a href=\"https:\/\/acfoi.com\/index.php\/formation\/hygiene-qualite-securite-environnement-2\/auditeur-interne-selon-la-norme-iso-19-011\/\" rel=\"bookmark\">Lire la suite &raquo;<span class=\"screen-reader-text\">auditeur interne selon la norme ISO 19 011<\/span><\/a><\/p>\n","protected":false},"author":1,"featured_media":0,"parent":430,"menu_order":0,"comment_status":"closed","ping_status":"closed","template":"","meta":{"neve_meta_sidebar":"","neve_meta_container":"","neve_meta_enable_content_width":"","neve_meta_content_width":70,"neve_meta_title_alignment":"","neve_meta_author_avatar":"","neve_post_elements_order":"","neve_meta_disable_header":"","neve_meta_disable_footer":"","neve_meta_disable_title":"","footnotes":""},"class_list":["post-443","page","type-page","status-publish","hentry"],"_links":{"self":[{"href":"https:\/\/acfoi.com\/index.php\/wp-json\/wp\/v2\/pages\/443","targetHints":{"allow":["GET"]}}],"collection":[{"href":"https:\/\/acfoi.com\/index.php\/wp-json\/wp\/v2\/pages"}],"about":[{"href":"https:\/\/acfoi.com\/index.php\/wp-json\/wp\/v2\/types\/page"}],"author":[{"embeddable":true,"href":"https:\/\/acfoi.com\/index.php\/wp-json\/wp\/v2\/users\/1"}],"replies":[{"embeddable":true,"href":"https:\/\/acfoi.com\/index.php\/wp-json\/wp\/v2\/comments?post=443"}],"version-history":[{"count":1,"href":"https:\/\/acfoi.com\/index.php\/wp-json\/wp\/v2\/pages\/443\/revisions"}],"predecessor-version":[{"id":444,"href":"https:\/\/acfoi.com\/index.php\/wp-json\/wp\/v2\/pages\/443\/revisions\/444"}],"up":[{"embeddable":true,"href":"https:\/\/acfoi.com\/index.php\/wp-json\/wp\/v2\/pages\/430"}],"wp:attachment":[{"href":"https:\/\/acfoi.com\/index.php\/wp-json\/wp\/v2\/media?parent=443"}],"curies":[{"name":"wp","href":"https:\/\/api.w.org\/{rel}","templated":true}]}}