{"id":430,"date":"2018-12-10T09:41:54","date_gmt":"2018-12-10T08:41:54","guid":{"rendered":"http:\/\/acfoi.com\/?page_id=430"},"modified":"2018-12-10T09:44:26","modified_gmt":"2018-12-10T08:44:26","slug":"hygiene-qualite-securite-environnement-2","status":"publish","type":"page","link":"https:\/\/acfoi.com\/index.php\/formation\/hygiene-qualite-securite-environnement-2\/","title":{"rendered":"Hygi\u00e8ne \u2013 Qualit\u00e9 \u2013 S\u00e9curit\u00e9 \u2013 Environnement"},"content":{"rendered":"<p><b>Tronc commun<\/b><\/p>\n<ul>\n<li><a href=\"http:\/\/acfoi.com\/index.php\/formation\/hygiene-qualite-securite-environnement-2\/hygiene-qualite-securite-environnement\/\">Formation aux d\u00e9marches qualit\u00e9, de labellisation et de certification<\/a><\/li>\n<li>Mise en place d\u2019un syst\u00e8me de management int\u00e9gr\u00e9 (SMI)<\/li>\n<li>Mise en place d\u2019une d\u00e9marche de certification multi-sites<\/li>\n<li>Formation auditeur interne selon la norme ISO 19\u00a0011<\/li>\n<li>Coaching d\u2019audit<\/li>\n<li>Perfectionner ses audits fournisseurs<\/li>\n<\/ul>\n<p><b>Qualit\u00e9<\/b><\/p>\n<p><u>G\u00e9n\u00e9ral<\/u><\/p>\n<ul>\n<li>Mise en place d\u2019un Syst\u00e8me de Management de la Qualit\u00e9 (SMQ)<\/li>\n<li>Total Quality Management (TQM)<\/li>\n<\/ul>\n<p><u>ISO 9001<\/u><\/p>\n<ul>\n<li>Formation \u00e0 nouvelle norme ISO 9001<\/li>\n<li>Approche Processus selon l\u2019ISO 9001<\/li>\n<\/ul>\n<p><u>Accr\u00e9ditation des laboratoires d\u2019analyse et d\u2019essais<\/u><\/p>\n<ul>\n<li>ISO 17 025 : Exigences g\u00e9n\u00e9rales pour les laboratoires d\u2019\u00e9talonnages et d\u2019essais<\/li>\n<li>ISO 15\u00a0189, mode d\u2019emploi<\/li>\n<\/ul>\n<p><b>Sant\u00e9 et s\u00e9curit\u00e9 au travail<\/b><\/p>\n<p><u>G\u00e9n\u00e9ral<\/u><\/p>\n<ul>\n<li>Mise en place du Document Unique<\/li>\n<\/ul>\n<p><u>OHSAS 18001\/ISO 31000\/ILO OSH<\/u><\/p>\n<ul>\n<li>Formation au r\u00e9f\u00e9rentiel s\u00e9curit\u00e9 : OHSAS 18\u00a0001<\/li>\n<li>Formation \u00e0 l\u2019ISO 31 000<\/li>\n<\/ul>\n<p><b>Agroalimentaire : hygi\u00e8ne et s\u00e9curit\u00e9<\/b><\/p>\n<ul>\n<li>L\u2019HACCP<\/li>\n<li>Mise en place d\u2019un Syst\u00e8me de Management de la S\u00e9curit\u00e9 des Denr\u00e9es Alimentaires (SMSDA)\u00a0: ISO 22\u00a0000<\/li>\n<\/ul>\n<p><b>Environnement<\/b><\/p>\n<p><u>G\u00e9n\u00e9ral<\/u><\/p>\n<ul>\n<li>La r\u00e9glementation environnementale<\/li>\n<li>Les ICPE<\/li>\n<li>Mise en place d\u2019un Syst\u00e8me de Management Environnemental (SME)<\/li>\n<li>Gestion des d\u00e9chets<\/li>\n<\/ul>\n","protected":false},"excerpt":{"rendered":"<p>Tronc commun Formation aux d\u00e9marches qualit\u00e9, de labellisation et de certification Mise en place d\u2019un syst\u00e8me de management int\u00e9gr\u00e9 (SMI) Mise en place d\u2019une d\u00e9marche de certification multi-sites Formation auditeur interne selon la norme ISO 19\u00a0011 Coaching d\u2019audit Perfectionner ses audits fournisseurs Qualit\u00e9 G\u00e9n\u00e9ral Mise en place d\u2019un Syst\u00e8me de Management de la Qualit\u00e9 (SMQ)&hellip;&nbsp;<a href=\"https:\/\/acfoi.com\/index.php\/formation\/hygiene-qualite-securite-environnement-2\/\" rel=\"bookmark\">Lire la suite &raquo;<span class=\"screen-reader-text\">Hygi\u00e8ne \u2013 Qualit\u00e9 \u2013 S\u00e9curit\u00e9 \u2013 Environnement<\/span><\/a><\/p>\n","protected":false},"author":1,"featured_media":0,"parent":146,"menu_order":0,"comment_status":"closed","ping_status":"closed","template":"","meta":{"neve_meta_sidebar":"","neve_meta_container":"","neve_meta_enable_content_width":"","neve_meta_content_width":70,"neve_meta_title_alignment":"","neve_meta_author_avatar":"","neve_post_elements_order":"","neve_meta_disable_header":"","neve_meta_disable_footer":"","neve_meta_disable_title":"","footnotes":""},"class_list":["post-430","page","type-page","status-publish","hentry"],"_links":{"self":[{"href":"https:\/\/acfoi.com\/index.php\/wp-json\/wp\/v2\/pages\/430","targetHints":{"allow":["GET"]}}],"collection":[{"href":"https:\/\/acfoi.com\/index.php\/wp-json\/wp\/v2\/pages"}],"about":[{"href":"https:\/\/acfoi.com\/index.php\/wp-json\/wp\/v2\/types\/page"}],"author":[{"embeddable":true,"href":"https:\/\/acfoi.com\/index.php\/wp-json\/wp\/v2\/users\/1"}],"replies":[{"embeddable":true,"href":"https:\/\/acfoi.com\/index.php\/wp-json\/wp\/v2\/comments?post=430"}],"version-history":[{"count":2,"href":"https:\/\/acfoi.com\/index.php\/wp-json\/wp\/v2\/pages\/430\/revisions"}],"predecessor-version":[{"id":435,"href":"https:\/\/acfoi.com\/index.php\/wp-json\/wp\/v2\/pages\/430\/revisions\/435"}],"up":[{"embeddable":true,"href":"https:\/\/acfoi.com\/index.php\/wp-json\/wp\/v2\/pages\/146"}],"wp:attachment":[{"href":"https:\/\/acfoi.com\/index.php\/wp-json\/wp\/v2\/media?parent=430"}],"curies":[{"name":"wp","href":"https:\/\/api.w.org\/{rel}","templated":true}]}}