{"id":407,"date":"2018-12-10T08:54:58","date_gmt":"2018-12-10T07:54:58","guid":{"rendered":"http:\/\/acfoi.com\/?page_id=407"},"modified":"2018-12-10T09:15:40","modified_gmt":"2018-12-10T08:15:40","slug":"management","status":"publish","type":"page","link":"https:\/\/acfoi.com\/index.php\/formation\/management\/","title":{"rendered":"Management"},"content":{"rendered":"<h2 style=\"text-align: left;\" align=\"center\">Manager ses \u00e9quipes<\/h2>\n<h3 style=\"text-align: left;\">Organiser et piloter<\/h3>\n<ul>\n<li style=\"text-align: left;\"><a href=\"http:\/\/acfoi.com\/index.php\/formation\/management\/maitrise-de-linformation\/\">Mettre en place des indicateurs et d\u00e9finir ses objectifs<\/a><\/li>\n<li style=\"text-align: left;\"><a href=\"http:\/\/acfoi.com\/index.php\/formation\/management\/methodologie-et-resolution-de-problemes-mrp\/\">M\u00e9thodologie et r\u00e9solution de probl\u00e8mes (MRP)<\/a><\/li>\n<li style=\"text-align: left;\">Les fondamentaux d\u2019une d\u00e9marche Qualit\u00e9<\/li>\n<\/ul>\n","protected":false},"excerpt":{"rendered":"<p>Manager ses \u00e9quipes Organiser et piloter Mettre en place des indicateurs et d\u00e9finir ses objectifs M\u00e9thodologie et r\u00e9solution de probl\u00e8mes (MRP) Les fondamentaux d\u2019une d\u00e9marche Qualit\u00e9<\/p>\n","protected":false},"author":1,"featured_media":0,"parent":146,"menu_order":0,"comment_status":"closed","ping_status":"closed","template":"","meta":{"neve_meta_sidebar":"","neve_meta_container":"","neve_meta_enable_content_width":"","neve_meta_content_width":70,"neve_meta_title_alignment":"","neve_meta_author_avatar":"","neve_post_elements_order":"","neve_meta_disable_header":"","neve_meta_disable_footer":"","neve_meta_disable_title":"","footnotes":""},"class_list":["post-407","page","type-page","status-publish","hentry"],"_links":{"self":[{"href":"https:\/\/acfoi.com\/index.php\/wp-json\/wp\/v2\/pages\/407","targetHints":{"allow":["GET"]}}],"collection":[{"href":"https:\/\/acfoi.com\/index.php\/wp-json\/wp\/v2\/pages"}],"about":[{"href":"https:\/\/acfoi.com\/index.php\/wp-json\/wp\/v2\/types\/page"}],"author":[{"embeddable":true,"href":"https:\/\/acfoi.com\/index.php\/wp-json\/wp\/v2\/users\/1"}],"replies":[{"embeddable":true,"href":"https:\/\/acfoi.com\/index.php\/wp-json\/wp\/v2\/comments?post=407"}],"version-history":[{"count":4,"href":"https:\/\/acfoi.com\/index.php\/wp-json\/wp\/v2\/pages\/407\/revisions"}],"predecessor-version":[{"id":422,"href":"https:\/\/acfoi.com\/index.php\/wp-json\/wp\/v2\/pages\/407\/revisions\/422"}],"up":[{"embeddable":true,"href":"https:\/\/acfoi.com\/index.php\/wp-json\/wp\/v2\/pages\/146"}],"wp:attachment":[{"href":"https:\/\/acfoi.com\/index.php\/wp-json\/wp\/v2\/media?parent=407"}],"curies":[{"name":"wp","href":"https:\/\/api.w.org\/{rel}","templated":true}]}}